{"id":4752,"date":"2024-08-08T15:02:11","date_gmt":"2024-08-08T15:02:11","guid":{"rendered":"https:\/\/kubota-montreal.atolldigital.website\/page-construction-test\/"},"modified":"2025-02-13T19:08:57","modified_gmt":"2025-02-13T19:08:57","slug":"carriere","status":"publish","type":"page","link":"https:\/\/www.kubotamontreal.com\/en\/carriere\/","title":{"rendered":"6 &#8211; Carri\u00e8res"},"content":{"rendered":"","protected":false},"excerpt":{"rendered":"","protected":false},"author":2,"featured_media":0,"parent":0,"menu_order":16,"comment_status":"closed","ping_status":"closed","template":"template-constructor.php","meta":{"_acf_changed":false,"inline_featured_image":false,"footnotes":""},"class_list":["post-4752","page","type-page","status-publish","hentry"],"acf":[],"yoast_head":"<!-- This site is optimized with the Yoast SEO Premium plugin v24.8 (Yoast SEO v26.3) - https:\/\/yoast.com\/wordpress\/plugins\/seo\/ -->\n<title>6 - Carri\u00e8res - Kubota - New &amp; Used Agricultural &amp; Construction Equipment Sales, Service, and Parts<\/title>\n<meta name=\"description\" content=\"Have a career at Kubota Montr\u00e9al! Discover the little (or big) advantages of working for Kubota Montr\u00e9al, as well as the positions available!\" \/>\n<meta name=\"robots\" content=\"index, follow, max-snippet:-1, max-image-preview:large, max-video-preview:-1\" \/>\n<link rel=\"canonical\" href=\"https:\/\/www.kubotamontreal.com\/en\/carriere\/\" \/>\n<meta property=\"og:locale\" content=\"en_US\" \/>\n<meta property=\"og:type\" content=\"article\" \/>\n<meta property=\"og:title\" content=\"6 - Carri\u00e8res\" \/>\n<meta property=\"og:description\" content=\"Have a career at Kubota Montr\u00e9al! Discover the little (or big) advantages of working for Kubota Montr\u00e9al, as well as the positions available!\" \/>\n<meta property=\"og:url\" content=\"https:\/\/www.kubotamontreal.com\/en\/carriere\/\" \/>\n<meta property=\"og:site_name\" content=\"Kubota - New &amp; Used Agricultural &amp; Construction Equipment Sales, Service, and Parts\" \/>\n<meta property=\"article:modified_time\" content=\"2025-02-13T19:08:57+00:00\" \/>\n<meta name=\"twitter:card\" content=\"summary_large_image\" \/>\n<script type=\"application\/ld+json\" class=\"yoast-schema-graph\">{\"@context\":\"https:\/\/schema.org\",\"@graph\":[{\"@type\":\"WebPage\",\"@id\":\"https:\/\/www.kubotamontreal.com\/en\/carriere\/\",\"url\":\"https:\/\/www.kubotamontreal.com\/en\/carriere\/\",\"name\":\"6 - Carri\u00e8res - Kubota - New &amp; Used Agricultural &amp; Construction Equipment Sales, Service, and Parts\",\"isPartOf\":{\"@id\":\"https:\/\/www.kubotamontreal.com\/#website\"},\"datePublished\":\"2024-08-08T15:02:11+00:00\",\"dateModified\":\"2025-02-13T19:08:57+00:00\",\"description\":\"Have a career at Kubota Montr\u00e9al! Discover the little (or big) advantages of working for Kubota Montr\u00e9al, as well as the positions available!\",\"breadcrumb\":{\"@id\":\"https:\/\/www.kubotamontreal.com\/en\/carriere\/#breadcrumb\"},\"inLanguage\":\"en-US\",\"potentialAction\":[{\"@type\":\"ReadAction\",\"target\":[\"https:\/\/www.kubotamontreal.com\/en\/carriere\/\"]}]},{\"@type\":\"BreadcrumbList\",\"@id\":\"https:\/\/www.kubotamontreal.com\/en\/carriere\/#breadcrumb\",\"itemListElement\":[{\"@type\":\"ListItem\",\"position\":1,\"name\":\"Accueil\",\"item\":\"https:\/\/www.kubotamontreal.com\/en\/home\/\"},{\"@type\":\"ListItem\",\"position\":2,\"name\":\"6 &#8211; Carri\u00e8res\"}]},{\"@type\":\"WebSite\",\"@id\":\"https:\/\/www.kubotamontreal.com\/#website\",\"url\":\"https:\/\/www.kubotamontreal.com\/\",\"name\":\"Kubota - New &amp; Used Agricultural &amp; Construction Equipment Sales, Service, and Parts\",\"description\":\"Kubota is your Farm Equipment, Construction Equipment, Mowers, and UTV dealer in Saint-Jean-sur-Richelieu, Quebec. We provide sales, service, parts, and financing to the Northern Quebec area, including Saint-Jean-sur-Richelie, Napierville, Mont-St-Gr\u00e9goire, Lacolle, St-Alexandre.\",\"potentialAction\":[{\"@type\":\"SearchAction\",\"target\":{\"@type\":\"EntryPoint\",\"urlTemplate\":\"https:\/\/www.kubotamontreal.com\/?s={search_term_string}\"},\"query-input\":{\"@type\":\"PropertyValueSpecification\",\"valueRequired\":true,\"valueName\":\"search_term_string\"}}],\"inLanguage\":\"en-US\"}]}<\/script>\n<!-- \/ Yoast SEO Premium plugin. -->","yoast_head_json":{"title":"6 - Carri\u00e8res - Kubota - New &amp; Used Agricultural &amp; Construction Equipment Sales, Service, and Parts","description":"Have a career at Kubota Montr\u00e9al! Discover the little (or big) advantages of working for Kubota Montr\u00e9al, as well as the positions available!","robots":{"index":"index","follow":"follow","max-snippet":"max-snippet:-1","max-image-preview":"max-image-preview:large","max-video-preview":"max-video-preview:-1"},"canonical":"https:\/\/www.kubotamontreal.com\/en\/carriere\/","og_locale":"en_US","og_type":"article","og_title":"6 - Carri\u00e8res","og_description":"Have a career at Kubota Montr\u00e9al! Discover the little (or big) advantages of working for Kubota Montr\u00e9al, as well as the positions available!","og_url":"https:\/\/www.kubotamontreal.com\/en\/carriere\/","og_site_name":"Kubota - New &amp; Used Agricultural &amp; Construction Equipment Sales, Service, and Parts","article_modified_time":"2025-02-13T19:08:57+00:00","twitter_card":"summary_large_image","schema":{"@context":"https:\/\/schema.org","@graph":[{"@type":"WebPage","@id":"https:\/\/www.kubotamontreal.com\/en\/carriere\/","url":"https:\/\/www.kubotamontreal.com\/en\/carriere\/","name":"6 - Carri\u00e8res - Kubota - New &amp; Used Agricultural &amp; Construction Equipment Sales, Service, and Parts","isPartOf":{"@id":"https:\/\/www.kubotamontreal.com\/#website"},"datePublished":"2024-08-08T15:02:11+00:00","dateModified":"2025-02-13T19:08:57+00:00","description":"Have a career at Kubota Montr\u00e9al! Discover the little (or big) advantages of working for Kubota Montr\u00e9al, as well as the positions available!","breadcrumb":{"@id":"https:\/\/www.kubotamontreal.com\/en\/carriere\/#breadcrumb"},"inLanguage":"en-US","potentialAction":[{"@type":"ReadAction","target":["https:\/\/www.kubotamontreal.com\/en\/carriere\/"]}]},{"@type":"BreadcrumbList","@id":"https:\/\/www.kubotamontreal.com\/en\/carriere\/#breadcrumb","itemListElement":[{"@type":"ListItem","position":1,"name":"Accueil","item":"https:\/\/www.kubotamontreal.com\/en\/home\/"},{"@type":"ListItem","position":2,"name":"6 &#8211; Carri\u00e8res"}]},{"@type":"WebSite","@id":"https:\/\/www.kubotamontreal.com\/#website","url":"https:\/\/www.kubotamontreal.com\/","name":"Kubota - New &amp; Used Agricultural &amp; Construction Equipment Sales, Service, and Parts","description":"Kubota is your Farm Equipment, Construction Equipment, Mowers, and UTV dealer in Saint-Jean-sur-Richelieu, Quebec. We provide sales, service, parts, and financing to the Northern Quebec area, including Saint-Jean-sur-Richelie, Napierville, Mont-St-Gr\u00e9goire, Lacolle, St-Alexandre.","potentialAction":[{"@type":"SearchAction","target":{"@type":"EntryPoint","urlTemplate":"https:\/\/www.kubotamontreal.com\/?s={search_term_string}"},"query-input":{"@type":"PropertyValueSpecification","valueRequired":true,"valueName":"search_term_string"}}],"inLanguage":"en-US"}]}},"_links":{"self":[{"href":"https:\/\/www.kubotamontreal.com\/en\/wp-json\/wp\/v2\/pages\/4752","targetHints":{"allow":["GET"]}}],"collection":[{"href":"https:\/\/www.kubotamontreal.com\/en\/wp-json\/wp\/v2\/pages"}],"about":[{"href":"https:\/\/www.kubotamontreal.com\/en\/wp-json\/wp\/v2\/types\/page"}],"author":[{"embeddable":true,"href":"https:\/\/www.kubotamontreal.com\/en\/wp-json\/wp\/v2\/users\/2"}],"replies":[{"embeddable":true,"href":"https:\/\/www.kubotamontreal.com\/en\/wp-json\/wp\/v2\/comments?post=4752"}],"version-history":[{"count":0,"href":"https:\/\/www.kubotamontreal.com\/en\/wp-json\/wp\/v2\/pages\/4752\/revisions"}],"wp:attachment":[{"href":"https:\/\/www.kubotamontreal.com\/en\/wp-json\/wp\/v2\/media?parent=4752"}],"curies":[{"name":"wp","href":"https:\/\/api.w.org\/{rel}","templated":true}]}}